{"id":189,"date":"2025-07-15T11:49:06","date_gmt":"2025-07-15T11:49:06","guid":{"rendered":"https:\/\/niemiecki-beata.com\/?page_id=189"},"modified":"2025-07-21T07:07:13","modified_gmt":"2025-07-21T07:07:13","slug":"wycena","status":"publish","type":"page","link":"https:\/\/niemiecki-beata.com\/de\/wycena\/","title":{"rendered":"Kostenanfrage"},"content":{"rendered":"<style>.kb-row-layout-id189_f5e917-a3 > .kt-row-column-wrap{align-content:start;}:where(.kb-row-layout-id189_f5e917-a3 > .kt-row-column-wrap) > .wp-block-kadence-column{justify-content:start;}.kb-row-layout-id189_f5e917-a3 > .kt-row-column-wrap{column-gap:var(--global-kb-gap-md, 2rem);row-gap:var(--global-kb-gap-md, 2rem);max-width:var( --global-content-width, 1290px );padding-left:var(--global-content-edge-padding);padding-right:var(--global-content-edge-padding);padding-top:var(--global-kb-spacing-sm, 1.5rem);padding-bottom:var(--global-kb-spacing-sm, 1.5rem);grid-template-columns:minmax(0, 1fr);}.kb-row-layout-id189_f5e917-a3 > .kt-row-layout-overlay{opacity:0.30;}@media all and (max-width: 1024px){.kb-row-layout-id189_f5e917-a3 > .kt-row-column-wrap{grid-template-columns:minmax(0, 1fr);}}@media all and (max-width: 767px){.kb-row-layout-id189_f5e917-a3 > .kt-row-column-wrap{grid-template-columns:minmax(0, 1fr);}}<\/style><div class=\"kb-row-layout-wrap kb-row-layout-id189_f5e917-a3 alignnone wp-block-kadence-rowlayout\"><div class=\"kt-row-column-wrap kt-has-1-columns kt-row-layout-equal kt-tab-layout-inherit kt-mobile-layout-row kt-row-valign-top kb-theme-content-width\">\n<style>.kadence-column189_ad2ad1-cd > .kt-inside-inner-col{padding-top:var(--global-kb-spacing-lg, 3rem);padding-right:var(--global-kb-spacing-lg, 3rem);padding-bottom:var(--global-kb-spacing-lg, 3rem);padding-left:var(--global-kb-spacing-lg, 3rem);}.kadence-column189_ad2ad1-cd > .kt-inside-inner-col,.kadence-column189_ad2ad1-cd > .kt-inside-inner-col:before{border-top-left-radius:20px;border-top-right-radius:20px;border-bottom-right-radius:20px;border-bottom-left-radius:20px;}.kadence-column189_ad2ad1-cd > .kt-inside-inner-col{column-gap:var(--global-kb-gap-sm, 1rem);}.kadence-column189_ad2ad1-cd > .kt-inside-inner-col{flex-direction:column;}.kadence-column189_ad2ad1-cd > .kt-inside-inner-col > .aligncenter{width:100%;}.kadence-column189_ad2ad1-cd > .kt-inside-inner-col{background-image:linear-gradient(135deg,var(--global-palette7) 0%,var(--global-palette8) 100%);}.kadence-column189_ad2ad1-cd > .kt-inside-inner-col:before{opacity:0.3;}.kadence-column189_ad2ad1-cd{position:relative;}@media all and (max-width: 1024px){.kadence-column189_ad2ad1-cd > .kt-inside-inner-col{flex-direction:column;justify-content:center;}}@media all and (max-width: 767px){.kadence-column189_ad2ad1-cd > .kt-inside-inner-col{padding-top:var(--global-kb-spacing-sm, 1.5rem);padding-right:var(--global-kb-spacing-sm, 1.5rem);padding-bottom:var(--global-kb-spacing-sm, 1.5rem);padding-left:var(--global-kb-spacing-sm, 1.5rem);flex-direction:column;justify-content:center;}}<\/style>\n<div class=\"wp-block-kadence-column kadence-column189_ad2ad1-cd\" data-aos=\"fade-up\"><div class=\"kt-inside-inner-col\"><style>.wp-block-kadence-advancedheading.kt-adv-heading189_66eb82-72, .wp-block-kadence-advancedheading.kt-adv-heading189_66eb82-72[data-kb-block=\"kb-adv-heading189_66eb82-72\"]{font-style:normal;}.wp-block-kadence-advancedheading.kt-adv-heading189_66eb82-72 mark.kt-highlight, .wp-block-kadence-advancedheading.kt-adv-heading189_66eb82-72[data-kb-block=\"kb-adv-heading189_66eb82-72\"] mark.kt-highlight{font-style:normal;color:#f76a0c;-webkit-box-decoration-break:clone;box-decoration-break:clone;padding-top:0px;padding-right:0px;padding-bottom:0px;padding-left:0px;}.wp-block-kadence-advancedheading.kt-adv-heading189_66eb82-72 img.kb-inline-image, .wp-block-kadence-advancedheading.kt-adv-heading189_66eb82-72[data-kb-block=\"kb-adv-heading189_66eb82-72\"] img.kb-inline-image{width:150px;vertical-align:baseline;}<\/style>\n<h3 class=\"kt-adv-heading189_66eb82-72 wp-block-kadence-advancedheading\" data-kb-block=\"kb-adv-heading189_66eb82-72\">Prze\u015blij dokument do wyceny t\u0142umaczenia:<\/h3>\n\n\n<style>.wp-block-kadence-advanced-form116-cpt-id .kb-adv-form-field .kb-adv-form-label{color:var(--global-palette3, #1A202C);}.wp-block-kadence-advanced-form116-cpt-id .kb-radio-check-item label{color:var(--global-palette3, #1A202C);color:var(--global-palette3, #1A202C);}<\/style><div class=\"wp-block-kadence-advanced-form wp-block-kadence-advanced-form116-cpt-id kb-adv-form-label-style-infield kb-adv-form-input-size-standard kb-form-basic-style wp-block-kadence-advanced-form\"><form id=\"kb-adv-form-116-cpt-id\" class=\"kb-advanced-form\" method=\"post\">\n<div class=\"kb-adv-form-field kb-adv-form-text-type-input kb-adv-form-infield-type-input kb-field116378d7e-36 wp-block-kadence-advanced-form-text\"><label class=\"kb-adv-form-label\" for=\"field116378d7e-36\">Imi\u0119 i nazwisko<span class=\"kb-adv-form-required\">*<\/span><\/label><input name=\"name\" id=\"field116378d7e-36\" data-label=\"Imi\u0119 i nazwisko\" type=\"text\" placeholder=\"\" value=\"\" data-type=\"text\" class=\"kb-field kb-text-field\" data-required=\"yes\" required aria-required=\"true\"\/><\/div>\n\n<style>.kb-row-layout-id116_7e9722-2d > .kt-row-column-wrap{align-content:start;}:where(.kb-row-layout-id116_7e9722-2d > .kt-row-column-wrap) > .wp-block-kadence-column{justify-content:start;}.kb-row-layout-id116_7e9722-2d > .kt-row-column-wrap{column-gap:var(--global-kb-gap-md, 2rem);row-gap:var(--global-kb-gap-md, 2rem);padding-top:0px;padding-right:0px;padding-bottom:0px;padding-left:0px;grid-template-columns:repeat(2, minmax(0, 1fr));}.kb-row-layout-id116_7e9722-2d > .kt-row-layout-overlay{opacity:0.30;}@media all and (max-width: 1024px){.kb-row-layout-id116_7e9722-2d > .kt-row-column-wrap{grid-template-columns:repeat(2, minmax(0, 1fr));}}@media all and (max-width: 767px){.kb-row-layout-id116_7e9722-2d > .kt-row-column-wrap{grid-template-columns:minmax(0, 1fr);}}<\/style><div class=\"kb-row-layout-wrap kb-row-layout-id116_7e9722-2d alignnone wp-block-kadence-rowlayout\"><div class=\"kt-row-column-wrap kt-has-2-columns kt-row-layout-equal kt-tab-layout-inherit kt-mobile-layout-row kt-row-valign-top\">\n<style>.kadence-column116_916120-da > .kt-inside-inner-col,.kadence-column116_916120-da > .kt-inside-inner-col:before{border-top-left-radius:0px;border-top-right-radius:0px;border-bottom-right-radius:0px;border-bottom-left-radius:0px;}.kadence-column116_916120-da > .kt-inside-inner-col{column-gap:var(--global-kb-gap-sm, 1rem);}.kadence-column116_916120-da > .kt-inside-inner-col{flex-direction:column;}.kadence-column116_916120-da > .kt-inside-inner-col > .aligncenter{width:100%;}.kadence-column116_916120-da > .kt-inside-inner-col:before{opacity:0.3;}.kadence-column116_916120-da{position:relative;}@media all and (max-width: 1024px){.kadence-column116_916120-da > .kt-inside-inner-col{flex-direction:column;justify-content:center;}}@media all and (max-width: 767px){.kadence-column116_916120-da > .kt-inside-inner-col{flex-direction:column;justify-content:center;}}<\/style>\n<div class=\"wp-block-kadence-column kadence-column116_916120-da\"><div class=\"kt-inside-inner-col\"><div class=\"kb-adv-form-field kb-adv-form-text-type-input kb-adv-form-infield-type-input kb-field1168372ad-0d wp-block-kadence-advanced-form-email\"><label class=\"kb-adv-form-label\" for=\"field1168372ad-0d\">E-mail<span class=\"kb-adv-form-required\">*<\/span><\/label><input name=\"field8372ad-0d\" id=\"field1168372ad-0d\" data-label=\"E-mail\" type=\"email\" placeholder=\"\" value=\"\" data-type=\"email\" class=\"kb-field kb-email-field\" data-required=\"yes\" required aria-required=\"true\"\/><\/div><\/div><\/div>\n\n\n<style>.kadence-column116_91d260-b7 > .kt-inside-inner-col,.kadence-column116_91d260-b7 > .kt-inside-inner-col:before{border-top-left-radius:0px;border-top-right-radius:0px;border-bottom-right-radius:0px;border-bottom-left-radius:0px;}.kadence-column116_91d260-b7 > .kt-inside-inner-col{column-gap:var(--global-kb-gap-sm, 1rem);}.kadence-column116_91d260-b7 > .kt-inside-inner-col{flex-direction:column;}.kadence-column116_91d260-b7 > .kt-inside-inner-col > .aligncenter{width:100%;}.kadence-column116_91d260-b7 > .kt-inside-inner-col:before{opacity:0.3;}.kadence-column116_91d260-b7{position:relative;}@media all and (max-width: 1024px){.kadence-column116_91d260-b7 > .kt-inside-inner-col{flex-direction:column;justify-content:center;}}@media all and (max-width: 767px){.kadence-column116_91d260-b7 > .kt-inside-inner-col{flex-direction:column;justify-content:center;}}<\/style>\n<div class=\"wp-block-kadence-column kadence-column116_91d260-b7\"><div class=\"kt-inside-inner-col\"><div class=\"kb-adv-form-field kb-adv-form-text-type-input kb-adv-form-infield-type-input kb-field11643cda3-e2 wp-block-kadence-advanced-form-telephone\"><label class=\"kb-adv-form-label\" for=\"field11643cda3-e2\">Telefon<\/label><input name=\"field43cda3-e2\" id=\"field11643cda3-e2\" data-label=\"Telefon\" type=\"tel\" placeholder=\"\" value=\"\" data-type=\"tel\" class=\"kb-field kb-tel-field\" data-required=\"no\" \/><\/div><\/div><\/div>\n\n<\/div><\/div>\n\n<div class=\"kb-adv-form-field kb-adv-form-text-type-input kb-adv-form-infield-type-input kb-field116856872-5c wp-block-kadence-advanced-form-textarea\"><label class=\"kb-adv-form-label\" for=\"field116856872-5c\">Wiadomo\u015b\u0107<span class=\"kb-adv-form-required\">*<\/span><\/label><textarea name=\"field856872-5c\" id=\"field116856872-5c\" rows=\"3\"  data-label=\"Wiadomo\u015b\u0107\" placeholder=\"\" data-type=\"textarea\" class=\"kb-field kb-textarea-field\" data-required=\"yes\" required aria-required=\"true\"><\/textarea><\/div>\n\n<div class=\"kb-adv-form-field kb-adv-form-file-type-input kb-adv-form-infield-type-input kb-field116929c0a-bb wp-block-kadence-advanced-form-file\"><label class=\"kb-adv-form-label\" for=\"field116929c0a-bb\">Za\u0142\u0105cz plik do wyceny<\/label><input name=\"field929c0a-bb[]\" id=\"field116929c0a-bb\" aria-describedby=\"aria-describe116929c0a-bb\" data-label=\"Za\u0142\u0105cz plik do wyceny\" type=\"file\" placeholder=\"\" value=\"\" data-type=\"file\" class=\"kb-field kb-file-field\" data-required=\"no\"  multiple\/><div class=\"kb-adv-form-help\" id=\"aria-describe116929c0a-bb\">maks 20MB, pdf, doc, ppt, docx, txt, rtf, odt, <\/div><\/div>\n\n<div class=\"kb-adv-form-field kb-field116761d8f-e5 wp-block-kadence-advanced-form-accept\"><fieldset class=\"kb-radio-check-item-wrap\" id=\"cb116761d8f-e5\" data-type=\"accept\" data-required=\"yes\" ><div class=\"kb-radio-check-item\"><input name=\"field761d8f-e5\" id=\"field116761d8f-e5_0\" data-label=\"\" type=\"checkbox\" value=\"accept\" data-type=\"accept\" class=\"kb-field kb-accept-field kb-checkbox-field\" data-required=\"yes\" required aria-required=\"true\"\/><label for=\"field116761d8f-e5_0\">Wyra\u017cam zgod\u0119 na przetwarzanie moich danych osobowych przez Beat\u0119 Matysiak w celu udzielenia odpowiedzi na przes\u0142ane zapytanie, przygotowania wyceny us\u0142ug t\u0142umaczeniowych oraz komunikacji zwi\u0105zanej z realizacj\u0105 us\u0142ug.<span class=\"kb-adv-form-required\">*<\/span><\/label><\/div><\/fieldset><\/div>\n\n<div class=\"kb-adv-form-field kb-field94bd4a-70 wp-block-kadence-advanced-form-captcha\"><div class=\"g-recaptcha\" data-language=\"\" data-size=\"normal\" data-theme=\"light\" data-sitekey=\"6LeDhwArAAAAAC3K1nvftrFeH8gBo2AqWkxUe4-F\"><\/div><\/div>\n\n<style>ul.menu .kb-submit-field .kb-btncb8e4b-0e.kb-button{width:initial;}.kb-submit-field.kb-fieldcb8e4b-0e{justify-content:flex-start;}<\/style><div class=\"kb-adv-form-field kb-submit-field kb-fieldcb8e4b-0e wp-block-kadence-advanced-form-submit\"><button class=\"kb-button kt-button button kb-adv-form-submit-button kb-btncb8e4b-0e kt-btn-size-standard kt-btn-width-type-auto kb-btn-global-fill kt-btn-has-text-true kt-btn-has-svg-false\" type=\"submit\"><span class=\"kt-btn-inner-text\">Wy\u015blij<\/span><\/button><\/div>\n<input type=\"hidden\" name=\"_kb_adv_form_post_id\" value=\"116\"><input type=\"hidden\" name=\"action\" value=\"kb_process_advanced_form_submit\"><input type=\"hidden\" name=\"_kb_adv_form_id\" value=\"116-cpt-id\"><\/form><\/div><\/div><\/div>\n\n<\/div><\/div>","protected":false},"excerpt":{"rendered":"<p>Senden Sie ein Dokument f\u00fcr einen Kostenvoranschlag:<\/p>","protected":false},"author":1,"featured_media":0,"parent":0,"menu_order":0,"comment_status":"closed","ping_status":"closed","template":"","meta":{"_kad_blocks_custom_css":"","_kad_blocks_head_custom_js":"","_kad_blocks_body_custom_js":"","_kad_blocks_footer_custom_js":"","_kad_post_transparent":"","_kad_post_title":"","_kad_post_layout":"","_kad_post_sidebar_id":"","_kad_post_content_style":"","_kad_post_vertical_padding":"","_kad_post_feature":"","_kad_post_feature_position":"","_kad_post_header":false,"_kad_post_footer":false,"_kad_post_classname":"","footnotes":""},"class_list":["post-189","page","type-page","status-publish","hentry"],"taxonomy_info":[],"featured_image_src_large":false,"author_info":{"display_name":"admin","author_link":"https:\/\/niemiecki-beata.com\/de\/author\/michal\/"},"comment_info":0,"_links":{"self":[{"href":"https:\/\/niemiecki-beata.com\/de\/wp-json\/wp\/v2\/pages\/189","targetHints":{"allow":["GET"]}}],"collection":[{"href":"https:\/\/niemiecki-beata.com\/de\/wp-json\/wp\/v2\/pages"}],"about":[{"href":"https:\/\/niemiecki-beata.com\/de\/wp-json\/wp\/v2\/types\/page"}],"author":[{"embeddable":true,"href":"https:\/\/niemiecki-beata.com\/de\/wp-json\/wp\/v2\/users\/1"}],"replies":[{"embeddable":true,"href":"https:\/\/niemiecki-beata.com\/de\/wp-json\/wp\/v2\/comments?post=189"}],"version-history":[{"count":0,"href":"https:\/\/niemiecki-beata.com\/de\/wp-json\/wp\/v2\/pages\/189\/revisions"}],"wp:attachment":[{"href":"https:\/\/niemiecki-beata.com\/de\/wp-json\/wp\/v2\/media?parent=189"}],"curies":[{"name":"wp","href":"https:\/\/api.w.org\/{rel}","templated":true}]}}